{"id":129,"date":"2019-03-20T04:12:33","date_gmt":"2019-03-20T04:12:33","guid":{"rendered":"https:\/\/goya.everthemes.com\/demo-fashion\/?page_id=129"},"modified":"2023-04-19T12:10:57","modified_gmt":"2023-04-19T15:10:57","slug":"about-us","status":"publish","type":"page","link":"https:\/\/shop.lm.mentorama.com.br\/?page_id=129","title":{"rendered":"Sobre n\u00f3s"},"content":{"rendered":"[vc_row et_full_width=&#8221;true&#8221; et_row_padding=&#8221;true&#8221; full_height=&#8221;yes&#8221; columns_placement=&#8221;stretch&#8221; equal_height=&#8221;yes&#8221; content_placement=&#8221;middle&#8221; css=&#8221;.vc_custom_1579973351197{padding-top: 80px !important;padding-bottom: 80px !important;background: #f4f4f4 url(https:\/\/goya.b-cdn.net\/assets\/demo\/content\/uploads\/sites\/3\/2020\/01\/banner-cashmere.jpg?id=3923) !important;background-position: center !important;background-repeat: no-repeat !important;background-size: cover !important;}&#8221; el_class=&#8221;video-bg-row&#8221;][vc_column][vc_row_inner et_max_width=&#8221;&#8221; equal_height=&#8221;yes&#8221; content_placement=&#8221;middle&#8221; css=&#8221;.vc_custom_1562734895463{background-position: center !important;background-repeat: no-repeat !important;background-size: cover !important;}&#8221;][vc_column_inner width=&#8221;1\/2&#8243; css=&#8221;.vc_custom_1562725835995{padding-top: 20% !important;padding-right: 20% !important;padding-bottom: 20% !important;padding-left: 20% !important;}&#8221;][vc_column_text animation=&#8221;animation bottom-to-top&#8221; css=&#8221;.vc_custom_1681916108721{margin-top: 30px !important;}&#8221;]\n<h1 style=\"text-align: center;\">Sobre n\u00f3s<\/h1>\n<blockquote>\n<p style=\"text-align: center;\">&#8220;Somos uma loja online especializada em moda feminina e masculina, oferecendo as \u00faltimas tend\u00eancias em roupas, acess\u00f3rios e sapatos. Nosso compromisso \u00e9 proporcionar uma experi\u00eancia de compra f\u00e1cil e segura para nossas clientes, al\u00e9m de um atendimento excepcional.&#8221;<\/p>\n<\/blockquote>\n[\/vc_column_text][\/vc_column_inner][\/vc_row_inner][\/vc_column][\/vc_row][vc_row et_full_width=&#8221;true&#8221; et_row_padding=&#8221;true&#8221; css=&#8221;.vc_custom_1588128835660{padding-top: 60px !important;padding-bottom: 60px !important;}&#8221;][vc_column][vc_row_inner content_placement=&#8221;middle&#8221; el_class=&#8221;align-center&#8221;][vc_column_inner animation=&#8221;animation left-to-right&#8221; offset=&#8221;vc_col-md-7&#8243;]\n\t<div id=\"et-video-lightbox-69f4a08717b86\" class=\"et-lightbox et-video-lightbox mfp-video lightbox-image icon-pulse icon-color-  medium animation bottom-to-top\" data-mfp-type=\"iframe\" data-mfp-src=\"https:\/\/www.youtube.com\/watch?v=1KahlicghaE\" >\n\t\t\t\t\t\n\t\t\t<img src=\"https:\/\/shop.lm.mentorama.com.br\/wp-content\/uploads\/2020\/01\/rib_tank.jpg\" alt=\"rib_tank\" \/>\n\t\t\t\t\n\t\t<div class=\"et-video-icon\">\n\t\t\t<svg xmlns=\"http:\/\/www.w3.org\/2000\/svg\" width=\"24\" height=\"24\" viewBox=\"0 0 24 24\" fill=\"none\" stroke=\"currentColor\" stroke-width=\"2\" stroke-linecap=\"round\" stroke-linejoin=\"round\" class=\"feather feather-play\"><polygon points=\"5 3 19 12 5 21 5 3\"><\/polygon><\/svg>\t\t<\/div>\n\n\t\t\t<\/div>\n\t[\/vc_column_inner][vc_column_inner animation=&#8221;animation right-to-left&#8221; offset=&#8221;vc_col-md-5&#8243; css=&#8221;.vc_custom_1578532669392{padding-top: 40px !important;}&#8221;][vc_column_text]\n<h5 class=\"fancy-title\">Nossa hist\u00f3ria<\/h5>\n<h2>Definindo Padr\u00f5es da Ind\u00fastria<\/h2>\n<p>Come\u00e7amos como uma pequena loja de roupas f\u00edsica, mas decidimos expandir nossos horizontes e lan\u00e7ar uma loja online para atender clientes em todo o pa\u00eds. Desde ent\u00e3o, nossa paix\u00e3o por moda e compromisso com a satisfa\u00e7\u00e3o do cliente nos levou a crescer e nos tornar uma das lojas online mais populares no mercado.[\/vc_column_text]\n\t<div id=\"et-counter-69f4a08717e0b\" class=\"et-counter animation bottom-to-top counter-color-dark icon-color- text-color- counter-left\" >\n\t\t\t\t\t<div class=\"counter-container\">\n\t\t\t\t\t\t\t\t\t<div class=\"h1\" data-count=\"12346\" data-speed=\"2000\">0<\/div>\n\t\t\t\t\t\t\t\t\t\t\t\t\t<h4>Clientes<\/h4>\n\t\t\t\t\t\t\t<\/div>\n\t\t\t\t\t\t\t<div class=\"description\"><p>Clientes satisfeitos<\/p><\/div>\n\t\t\t\t\t\t\t\t\t\t\n\t<\/div>\n\t[\/vc_column_inner][\/vc_row_inner][\/vc_column][\/vc_row][vc_row et_full_width=&#8221;true&#8221; et_row_padding=&#8221;true&#8221; css=&#8221;.vc_custom_1588129008197{padding-top: 80px !important;padding-bottom: 45px !important;background-color: #f2f2f2 !important;}&#8221;][vc_column][vc_row_inner et_column_align=&#8221;align-center&#8221; equal_height=&#8221;yes&#8221; el_class=&#8221;align-center&#8221;][vc_column_inner animation=&#8221;animation bottom-to-top&#8221; offset=&#8221;vc_col-lg-5&#8243;][vc_column_text]\n<h5 class=\"fancy-title\" style=\"text-align: center;\">Desde 2017<\/h5>\n<h2 style=\"text-align: center;\">Nossa hist\u00f3ria<\/h2>\n[\/vc_column_text][\/vc_column_inner][\/vc_row_inner][vc_row_inner et_column_align=&#8221;align-center&#8221; equal_height=&#8221;yes&#8221; el_class=&#8221;align-center&#8221;][vc_column_inner animation=&#8221;animation bottom-to-top&#8221; offset=&#8221;vc_col-lg-4&#8243;][vc_column_text]Nossa hist\u00f3ria come\u00e7a h\u00e1 mais de uma d\u00e9cada, quando um grupo de amigos apaixonados por moda decidiu abrir uma pequena loja de roupas em uma cidade do interior.<\/p>\n<p>Rapidamente, a loja se tornou um sucesso e, com o passar dos anos, cresceu e expandiu sua linha de produtos para atender clientes em todo o pa\u00eds.[\/vc_column_text][\/vc_column_inner][vc_column_inner animation=&#8221;animation bottom-to-top&#8221; offset=&#8221;vc_col-lg-4&#8243;][vc_column_text]Em 2015, lan\u00e7amos nossa loja online para oferecer ainda mais op\u00e7\u00f5es de roupas, acess\u00f3rios e sapatos exclusivos para nossos clientes.<\/p>\n<p>Desde ent\u00e3o, nosso compromisso com a moda e a satisfa\u00e7\u00e3o do cliente nos levou a nos tornar uma das lojas online mais populares do mercado.[\/vc_column_text][\/vc_column_inner][\/vc_row_inner][\/vc_column][\/vc_row][vc_row et_full_width=&#8221;true&#8221; et_row_padding=&#8221;true&#8221; css=&#8221;.vc_custom_1588128887000{padding-top: 60px !important;padding-bottom: 60px !important;}&#8221;][vc_column][vc_row_inner content_placement=&#8221;middle&#8221; el_class=&#8221;align-center&#8221;][vc_column_inner el_class=&#8221;small-order-2 medium-order-1&#8243; animation=&#8221;animation left-to-right&#8221; offset=&#8221;vc_col-md-5&#8243; css=&#8221;.vc_custom_1578532746105{padding-top: 40px !important;}&#8221;][vc_column_text]\n<h5 class=\"fancy-title\">Nosso futuro<\/h5>\n<h2>Crescendo r\u00e1pido<\/h2>\n<p>Nosso objetivo \u00e9 continuar crescendo e expandindo nossa linha de produtos, oferecendo ainda mais op\u00e7\u00f5es de roupas e acess\u00f3rios da moda feminina. Al\u00e9m disso, estamos sempre em busca de novas tecnologias e processos para tornar a experi\u00eancia de compra ainda mais f\u00e1cil e agrad\u00e1vel para nossos clientes.[\/vc_column_text]\n\t<div id=\"et-counter-69f4a08717e49\" class=\"et-counter animation bottom-to-top counter-color-dark icon-color- text-color- counter-left\" >\n\t\t\t\t\t<div class=\"counter-container\">\n\t\t\t\t\t\t\t\t\t<div class=\"h1\" data-count=\"3\" data-speed=\"2000\">0<\/div>\n\t\t\t\t\t\t\t\t\t\t\t\t\t<h4>Lojas<\/h4>\n\t\t\t\t\t\t\t<\/div>\n\t\t\t\t\t\t\t<div class=\"description\"><p>Escrit\u00f3rios regionais no mundo<\/p><\/div>\n\t\t\t\t\t\t\t\t\t\t\n\t<\/div>\n\t[\/vc_column_inner][vc_column_inner el_class=&#8221;small-order-1 medium-order-2&#8243; offset=&#8221;vc_col-md-7&#8243;]\t<div class=\"et-image-513 et-image     et_image_link\">\n\t\t<div class=\"et-image-inner animation right-to-left\">\n\t\t\t\t\t\t\t<div class=\"et-image-thumb \">\n\t\t\t\t\t<img width=\"1000\" height=\"1001\" src=\"https:\/\/shop.lm.mentorama.com.br\/wp-content\/uploads\/2019\/10\/women-cashmere-b3.jpg\" class=\"attachment-large\" alt=\"\" decoding=\"async\" title=\"women-cashmere-b3\" loading=\"lazy\" srcset=\"https:\/\/shop.lm.mentorama.com.br\/wp-content\/uploads\/2019\/10\/women-cashmere-b3.jpg 1000w, https:\/\/shop.lm.mentorama.com.br\/wp-content\/uploads\/2019\/10\/women-cashmere-b3-450x450.jpg 450w, https:\/\/shop.lm.mentorama.com.br\/wp-content\/uploads\/2019\/10\/women-cashmere-b3-100x100.jpg 100w, https:\/\/shop.lm.mentorama.com.br\/wp-content\/uploads\/2019\/10\/women-cashmere-b3-900x901.jpg 900w\" sizes=\"(max-width: 1000px) 100vw, 1000px\" \/>\t\t\t\t<\/div>\n\t\t\t\t\t\t\t\t\t\t\t<\/div>\n\t<\/div>\n  [\/vc_column_inner][\/vc_row_inner][\/vc_column][\/vc_row][vc_row et_full_width=&#8221;true&#8221; css=&#8221;.vc_custom_1579114943204{padding-top: 80px !important;padding-bottom: 60px !important;background-color: #f6f6f6 !important;}&#8221;][vc_column][vc_row_inner et_column_align=&#8221;align-center&#8221; css=&#8221;.vc_custom_1578532916555{margin-bottom: 25px !important;}&#8221;][vc_column_inner animation=&#8221;animation bottom-to-top&#8221; offset=&#8221;vc_col-lg-6&#8243;][vc_column_text]\n<h5 class=\"fancy-title\" style=\"text-align: center;\">Valores fundamentais<\/h5>\n<p style=\"text-align: center;\">Acreditamos em oferecer produtos de alta qualidade a pre\u00e7os acess\u00edveis para nossas clientes, sem comprometer a integridade dos nossos fornecedores e colaboradores. Buscamos sempre um relacionamento \u00e9tico e de respeito m\u00fatuo em todas as nossas rela\u00e7\u00f5es comerciais.<\/p>\n[\/vc_column_text][\/vc_column_inner][\/vc_row_inner][\/vc_column][\/vc_row][vc_row css=&#8221;.vc_custom_1579114565104{padding-top: 60px !important;padding-bottom: 60px !important;}&#8221;][vc_column width=&#8221;1\/4&#8243;][vc_column_text animation=&#8221;animation left-to-right&#8221;]\n<h5 class=\"fancy-title\">Fundadores<\/h5>\n<h2>Pessoas chave<\/h2>\n<p>Nosso time \u00e9 formado por uma equipe apaixonada por moda e comprometida em fornecer a melhor experi\u00eancia de compra para nossos clientes. Nossos estilistas est\u00e3o sempre antenados nas \u00faltimas tend\u00eancias e trabalham incansavelmente para trazer novidades exclusivas para nossa loja online. Nossos colaboradores do setor de atendimento ao cliente est\u00e3o prontos para ajudar e resolver qualquer d\u00favida ou problema que nossos clientes possam ter. E, por fim, nosso fundador e CEO \u00e9 a alma da nossa empresa, sempre buscando novas oportunidades de crescimento e inova\u00e7\u00e3o para a nossa marca.[\/vc_column_text][\/vc_column][vc_column width=&#8221;1\/4&#8243;]  <div class=\"et-team-member animation bottom-to-top\">\n  \t<div class=\"et-team-member-image default\">\n\t  \t<figure style=\"background-image:url('https:\/\/shop.lm.mentorama.com.br\/wp-content\/uploads\/2019\/04\/men-shirtgreen-a3.jpg')\">\n\t\t \t\t<div class=\"overlay\">\n\t\t\t\t\t<div class=\"et-member-social\">\n\t\t\t\t\t\t\t\t\t\t\t\t\t<a href=\"#\" class=\"facebook\" target=\"_blank\"><span class=\"et-icon et-facebook\"><\/span><\/a>\n\t\t\t\t\t\t\t\t\t\t\t\t\t\t\t\t\t\t\t<a href=\"#\" class=\"twitter\" target=\"_blank\"><span class=\"et-icon et-twitter\"><\/span><\/a>\n\t\t\t\t\t\t\t\t\t\t\t\t\t\t\t\t\t\t\t<a href=\"#\" class=\"pinterest\" target=\"_blank\"><span class=\"et-icon et-pinterest\"><\/span><\/a>\n\t\t\t\t\t\t\t\t\t\t\t\t\t\t\t\t\t\t\t<a href=\"#\" class=\"linkedin\" target=\"_blank\"><span class=\"et-icon et-linkedin\"><\/span><\/a>\n\t\t\t\t\t\t\t\t\t\t\t\t\t\t\t\t\t\t\t\t\t\t\t<\/div>\n\t\t\t\t<\/div>\n\t  \t<\/figure>\n\t\t<\/div>\n\t\t<div class=\"et-member-information\">\n\t\t\t\t\t\t\t<h5>Jos\u00e9 Soares<\/h5>\n\t\t\t\t  \t\t  \t\t<p>Atendimento ao cliente<\/p>\n\t  \t  \t<\/div>\n\t<\/div>\n  [\/vc_column][vc_column width=&#8221;1\/4&#8243;]  <div class=\"et-team-member animation bottom-to-top\">\n  \t<div class=\"et-team-member-image default\">\n\t  \t<figure style=\"background-image:url('https:\/\/shop.lm.mentorama.com.br\/wp-content\/uploads\/2020\/01\/women-relaxedshirt-a3.jpg')\">\n\t\t \t\t<div class=\"overlay\">\n\t\t\t\t\t<div class=\"et-member-social\">\n\t\t\t\t\t\t\t\t\t\t\t\t\t<a href=\"#\" class=\"facebook\" target=\"_blank\"><span class=\"et-icon et-facebook\"><\/span><\/a>\n\t\t\t\t\t\t\t\t\t\t\t\t\t\t\t\t\t\t\t<a href=\"#\" class=\"twitter\" target=\"_blank\"><span class=\"et-icon et-twitter\"><\/span><\/a>\n\t\t\t\t\t\t\t\t\t\t\t\t\t\t\t\t\t\t\t<a href=\"#\" class=\"pinterest\" target=\"_blank\"><span class=\"et-icon et-pinterest\"><\/span><\/a>\n\t\t\t\t\t\t\t\t\t\t\t\t\t\t\t\t\t\t\t<a href=\"#\" class=\"linkedin\" target=\"_blank\"><span class=\"et-icon et-linkedin\"><\/span><\/a>\n\t\t\t\t\t\t\t\t\t\t\t\t\t\t\t\t\t\t\t\t\t\t\t<\/div>\n\t\t\t\t<\/div>\n\t  \t<\/figure>\n\t\t<\/div>\n\t\t<div class=\"et-member-information\">\n\t\t\t\t\t\t\t<h5>Amelia Camar\u00e3o da Silva<\/h5>\n\t\t\t\t  \t\t  \t\t<p>Marketing<\/p>\n\t  \t  \t<\/div>\n\t<\/div>\n  [\/vc_column][vc_column width=&#8221;1\/4&#8243;]  <div class=\"et-team-member animation bottom-to-top\">\n  \t<div class=\"et-team-member-image default\">\n\t  \t<figure style=\"background-image:url('https:\/\/shop.lm.mentorama.com.br\/wp-content\/uploads\/2020\/01\/women-turtleneck-b2.jpg')\">\n\t\t \t\t<div class=\"overlay\">\n\t\t\t\t\t<div class=\"et-member-social\">\n\t\t\t\t\t\t\t\t\t\t\t\t\t<a href=\"#\" class=\"facebook\" target=\"_blank\"><span class=\"et-icon et-facebook\"><\/span><\/a>\n\t\t\t\t\t\t\t\t\t\t\t\t\t\t\t\t\t\t\t<a href=\"#\" class=\"twitter\" target=\"_blank\"><span class=\"et-icon et-twitter\"><\/span><\/a>\n\t\t\t\t\t\t\t\t\t\t\t\t\t\t\t\t\t\t\t<a href=\"#\" class=\"pinterest\" target=\"_blank\"><span class=\"et-icon et-pinterest\"><\/span><\/a>\n\t\t\t\t\t\t\t\t\t\t\t\t\t\t\t\t\t\t\t<a href=\"#\" class=\"linkedin\" target=\"_blank\"><span class=\"et-icon et-linkedin\"><\/span><\/a>\n\t\t\t\t\t\t\t\t\t\t\t\t\t\t\t\t\t\t\t\t\t\t\t<\/div>\n\t\t\t\t<\/div>\n\t  \t<\/figure>\n\t\t<\/div>\n\t\t<div class=\"et-member-information\">\n\t\t\t\t\t\t\t<h5>Gisela Santos<\/h5>\n\t\t\t\t  \t\t  \t\t<p>Fundadora<\/p>\n\t  \t  \t<\/div>\n\t<\/div>\n  [\/vc_column][\/vc_row]\n","protected":false},"excerpt":{"rendered":"<p>[vc_row et_full_width=&#8221;true&#8221; et_row_padding=&#8221;true&#8221; full_height=&#8221;yes&#8221; columns_placement=&#8221;stretch&#8221; equal_height=&#8221;yes&#8221; content_placement=&#8221;middle&#8221; css=&#8221;.vc_custom_1579973351197{padding-top: 80px !important;padding-bottom: 80px !important;background: #f4f4f4 url(https:\/\/goya.b-cdn.net\/assets\/demo\/content\/uploads\/sites\/3\/2020\/01\/banner-cashmere.jpg?id=3923) !important;background-position: center !important;background-repeat: no-repeat !important;background-size: cover !important;}&#8221; el_class=&#8221;video-bg-row&#8221;][vc_column][vc_row_inner et_max_width=&#8221;&#8221; equal_height=&#8221;yes&#8221; content_placement=&#8221;middle&#8221; css=&#8221;.vc_custom_1562734895463{background-position: center !important;background-repeat: no-repeat !important;background-size: cover !important;}&#8221;][vc_column_inner width=&#8221;1\/2&#8243; css=&#8221;.vc_custom_1562725835995{padding-top: 20% !important;padding-right: 20% !important;padding-bottom: 20% !important;padding-left: 20% !important;}&#8221;][vc_column_text animation=&#8221;animation bottom-to-top&#8221; css=&#8221;.vc_custom_1681916108721{margin-top: 30px !important;}&#8221;] Sobre n\u00f3s &#8220;Somos&hellip;<\/p>\n","protected":false},"author":1,"featured_media":0,"parent":0,"menu_order":0,"comment_status":"closed","ping_status":"closed","template":"","meta":{"footnotes":""},"_links":{"self":[{"href":"https:\/\/shop.lm.mentorama.com.br\/index.php?rest_route=\/wp\/v2\/pages\/129"}],"collection":[{"href":"https:\/\/shop.lm.mentorama.com.br\/index.php?rest_route=\/wp\/v2\/pages"}],"about":[{"href":"https:\/\/shop.lm.mentorama.com.br\/index.php?rest_route=\/wp\/v2\/types\/page"}],"author":[{"embeddable":true,"href":"https:\/\/shop.lm.mentorama.com.br\/index.php?rest_route=\/wp\/v2\/users\/1"}],"replies":[{"embeddable":true,"href":"https:\/\/shop.lm.mentorama.com.br\/index.php?rest_route=%2Fwp%2Fv2%2Fcomments&post=129"}],"version-history":[{"count":3,"href":"https:\/\/shop.lm.mentorama.com.br\/index.php?rest_route=\/wp\/v2\/pages\/129\/revisions"}],"predecessor-version":[{"id":4065,"href":"https:\/\/shop.lm.mentorama.com.br\/index.php?rest_route=\/wp\/v2\/pages\/129\/revisions\/4065"}],"wp:attachment":[{"href":"https:\/\/shop.lm.mentorama.com.br\/index.php?rest_route=%2Fwp%2Fv2%2Fmedia&parent=129"}],"curies":[{"name":"wp","href":"https:\/\/api.w.org\/{rel}","templated":true}]}}