{"id":3109,"date":"2019-10-24T00:57:41","date_gmt":"2019-10-24T00:57:41","guid":{"rendered":"https:\/\/goya.everthemes.com\/demo-fashion\/?page_id=3109"},"modified":"2023-04-19T12:31:45","modified_gmt":"2023-04-19T15:31:45","slug":"privacy-policy","status":"publish","type":"page","link":"https:\/\/shop.lm.mentorama.com.br\/?page_id=3109","title":{"rendered":"Pol\u00edtica de Privacidade"},"content":{"rendered":"\n<h3 class=\"wp-block-heading\">Sua\u00a0<strong>privacidade \u00e9 nossa preocupa\u00e7\u00e3o.<\/strong>\u00a0Este \u00e9 o canal de comunica\u00e7\u00e3o entre a loja e voc\u00ea, titular de dados pessoais.<\/h3>\n\n\n\n<h2 class=\"wp-block-heading\">O que \u00e9 a LGPD?<\/h2>\n\n\n\n<p>A Lei Geral de Prote\u00e7\u00e3o de Dados (LGPD) estabelece regras sobre a coleta, processamento e demais atividades de tratamento de dados pessoais, objetivando a prote\u00e7\u00e3o de seus direitos fundamentais de liberdade e de privacidade como titular desses dados.<\/p>\n\n\n\n<p>Promovemos v\u00e1rias mudan\u00e7as t\u00e9cnicas, organizacionais e jur\u00eddicas para adequarmos nossas atividades de neg\u00f3cio a essa nova realidade, melhorando nossos processos, ajustando nossos termos e contratos, implantando novas pol\u00edticas e melhorando nossas medidas de seguran\u00e7a da informa\u00e7\u00e3o.<\/p>\n\n\n\n<h2 class=\"wp-block-heading\">Onde podemos coletar e tratar seus dados pessoais?<\/h2>\n\n\n\n<p>de maneira geral, coletamos e tratamos dados pessoais nas seguintes situa\u00e7\u00f5es:<\/p>\n\n\n\n<p class=\"has-medium-font-size\"><strong>quando voc\u00ea acessa nosso website<\/strong><\/p>\n\n\n\n<p>Neste caso, podemos coletar informa\u00e7\u00f5es sobre sua navega\u00e7\u00e3o atrav\u00e9s de arquivos de cookies. <\/p>\n\n\n\n<p><strong>quando voc\u00ea estabelece uma rela\u00e7\u00e3o conosco<\/strong><\/p>\n\n\n\n<p>Seja como cliente ou terceiro (que nos presta um servi\u00e7o, por exemplo), a coleta e o tratamento de dados pessoais ser\u00e1 baseada em uma rela\u00e7\u00e3o contratual, contendo cl\u00e1usulas espec\u00edficas sobre como os tratamos e protegemos.<\/p>\n\n\n\n<p><strong>quando voc\u00ea preenche um formul\u00e1rio\u00a0de contato<\/strong><\/p>\n\n\n\n<p>Ao preencher um de nossos formul\u00e1rios, solicitando informa\u00e7\u00f5es sobre produtos ou formul\u00e1rio de contato. Voc\u00ea poder\u00e1 consultar os Termos de Uso e Privacidade na p\u00e1gina do pr\u00f3prio formul\u00e1rio.<\/p>\n","protected":false},"excerpt":{"rendered":"<p>Sua\u00a0privacidade \u00e9 nossa preocupa\u00e7\u00e3o.\u00a0Este \u00e9 o canal de comunica\u00e7\u00e3o entre a loja e voc\u00ea, titular de dados pessoais. O que \u00e9 a LGPD? A Lei Geral de Prote\u00e7\u00e3o de Dados (LGPD) estabelece regras sobre a coleta, processamento e demais atividades de tratamento de dados pessoais, objetivando a prote\u00e7\u00e3o de seus&hellip;<\/p>\n","protected":false},"author":1,"featured_media":0,"parent":0,"menu_order":0,"comment_status":"closed","ping_status":"closed","template":"","meta":{"footnotes":""},"_links":{"self":[{"href":"https:\/\/shop.lm.mentorama.com.br\/index.php?rest_route=\/wp\/v2\/pages\/3109"}],"collection":[{"href":"https:\/\/shop.lm.mentorama.com.br\/index.php?rest_route=\/wp\/v2\/pages"}],"about":[{"href":"https:\/\/shop.lm.mentorama.com.br\/index.php?rest_route=\/wp\/v2\/types\/page"}],"author":[{"embeddable":true,"href":"https:\/\/shop.lm.mentorama.com.br\/index.php?rest_route=\/wp\/v2\/users\/1"}],"replies":[{"embeddable":true,"href":"https:\/\/shop.lm.mentorama.com.br\/index.php?rest_route=%2Fwp%2Fv2%2Fcomments&post=3109"}],"version-history":[{"count":1,"href":"https:\/\/shop.lm.mentorama.com.br\/index.php?rest_route=\/wp\/v2\/pages\/3109\/revisions"}],"predecessor-version":[{"id":4072,"href":"https:\/\/shop.lm.mentorama.com.br\/index.php?rest_route=\/wp\/v2\/pages\/3109\/revisions\/4072"}],"wp:attachment":[{"href":"https:\/\/shop.lm.mentorama.com.br\/index.php?rest_route=%2Fwp%2Fv2%2Fmedia&parent=3109"}],"curies":[{"name":"wp","href":"https:\/\/api.w.org\/{rel}","templated":true}]}}