{"id":2030,"date":"2019-05-09T02:54:06","date_gmt":"2019-05-09T02:54:06","guid":{"rendered":"https:\/\/goya.everthemes.com\/demo-fashion\/?post_type=product&#038;p=2030"},"modified":"2023-05-09T05:01:08","modified_gmt":"2023-05-09T08:01:08","slug":"kilburn-travel-speaker","status":"publish","type":"product","link":"https:\/\/shop.lm.mentorama.com.br\/?product=kilburn-travel-speaker","title":{"rendered":"Alto-falante Port\u00e1til Bluetooth Marshall Kilburn"},"content":{"rendered":"<p>Utilizando o sistema Blumlein de som est\u00e9reo, este alto-falante oferece uma experi\u00eancia multidirecional que o envolver\u00e1 em sua m\u00fasica, seja em ambientes internos ou externos.<\/p>\n","protected":false},"excerpt":{"rendered":"<p>Apesar de sua estrutura pequena, este alto-falante oferece um forte impacto que o envolver\u00e1 em sua m\u00fasica, seja em ambientes internos ou externos.<\/p>\n","protected":false},"featured_media":3781,"comment_status":"open","ping_status":"closed","template":"","meta":[],"product_cat":[54],"product_tag":[],"_links":{"self":[{"href":"https:\/\/shop.lm.mentorama.com.br\/index.php?rest_route=\/wp\/v2\/product\/2030"}],"collection":[{"href":"https:\/\/shop.lm.mentorama.com.br\/index.php?rest_route=\/wp\/v2\/product"}],"about":[{"href":"https:\/\/shop.lm.mentorama.com.br\/index.php?rest_route=\/wp\/v2\/types\/product"}],"replies":[{"embeddable":true,"href":"https:\/\/shop.lm.mentorama.com.br\/index.php?rest_route=%2Fwp%2Fv2%2Fcomments&post=2030"}],"wp:featuredmedia":[{"embeddable":true,"href":"https:\/\/shop.lm.mentorama.com.br\/index.php?rest_route=\/wp\/v2\/media\/3781"}],"wp:attachment":[{"href":"https:\/\/shop.lm.mentorama.com.br\/index.php?rest_route=%2Fwp%2Fv2%2Fmedia&parent=2030"}],"wp:term":[{"taxonomy":"product_cat","embeddable":true,"href":"https:\/\/shop.lm.mentorama.com.br\/index.php?rest_route=%2Fwp%2Fv2%2Fproduct_cat&post=2030"},{"taxonomy":"product_tag","embeddable":true,"href":"https:\/\/shop.lm.mentorama.com.br\/index.php?rest_route=%2Fwp%2Fv2%2Fproduct_tag&post=2030"}],"curies":[{"name":"wp","href":"https:\/\/api.w.org\/{rel}","templated":true}]}}