{"id":3667,"date":"2020-01-21T18:44:49","date_gmt":"2020-01-21T18:44:49","guid":{"rendered":"https:\/\/goya.everthemes.com\/demo-fashion\/?post_type=product&#038;p=3667"},"modified":"2023-05-09T05:17:57","modified_gmt":"2023-05-09T08:17:57","slug":"goweave-high-neck-tank","status":"publish","type":"product","link":"https:\/\/shop.lm.mentorama.com.br\/?product=goweave-high-neck-tank","title":{"rendered":"Regata GoWeave"},"content":{"rendered":"<p>Elegante e simples. Esta regata tem z\u00edper oculto nas costas e \u00e9 feita com nosso tecido GoWeave japon\u00eas, resistente a rugas. Vista-a com cal\u00e7a social ou mantenha o look casual com jeans.<\/p>\n","protected":false},"excerpt":{"rendered":"<p>Vista-a com cal\u00e7a social ou mantenha o look casual com jeans.<\/p>\n","protected":false},"featured_media":3670,"comment_status":"open","ping_status":"closed","template":"","meta":[],"product_cat":[57],"product_tag":[],"_links":{"self":[{"href":"https:\/\/shop.lm.mentorama.com.br\/index.php?rest_route=\/wp\/v2\/product\/3667"}],"collection":[{"href":"https:\/\/shop.lm.mentorama.com.br\/index.php?rest_route=\/wp\/v2\/product"}],"about":[{"href":"https:\/\/shop.lm.mentorama.com.br\/index.php?rest_route=\/wp\/v2\/types\/product"}],"replies":[{"embeddable":true,"href":"https:\/\/shop.lm.mentorama.com.br\/index.php?rest_route=%2Fwp%2Fv2%2Fcomments&post=3667"}],"wp:featuredmedia":[{"embeddable":true,"href":"https:\/\/shop.lm.mentorama.com.br\/index.php?rest_route=\/wp\/v2\/media\/3670"}],"wp:attachment":[{"href":"https:\/\/shop.lm.mentorama.com.br\/index.php?rest_route=%2Fwp%2Fv2%2Fmedia&parent=3667"}],"wp:term":[{"taxonomy":"product_cat","embeddable":true,"href":"https:\/\/shop.lm.mentorama.com.br\/index.php?rest_route=%2Fwp%2Fv2%2Fproduct_cat&post=3667"},{"taxonomy":"product_tag","embeddable":true,"href":"https:\/\/shop.lm.mentorama.com.br\/index.php?rest_route=%2Fwp%2Fv2%2Fproduct_tag&post=3667"}],"curies":[{"name":"wp","href":"https:\/\/api.w.org\/{rel}","templated":true}]}}