{"id":3675,"date":"2020-01-21T18:54:22","date_gmt":"2020-01-21T18:54:22","guid":{"rendered":"https:\/\/goya.everthemes.com\/demo-fashion\/?post_type=product&#038;p=3675"},"modified":"2024-02-08T00:25:19","modified_gmt":"2024-02-08T03:25:19","slug":"double-gauze-relaxed-shirt","status":"publish","type":"product","link":"https:\/\/shop.lm.mentorama.com.br\/?product=double-gauze-relaxed-shirt","title":{"rendered":"Camisa Descontra\u00edda de Gaze Dupla"},"content":{"rendered":"<p>Uma camisa ultraconfort\u00e1vel para a \u00e9poca mais fria do ano. Feita com nosso algod\u00e3o de gaze dupla supermacia, esta camisa descontra\u00edda tem um tecido surpreendentemente flex\u00edvel que lhe d\u00e1 um caimento f\u00e1cil \u2013 sem sacrificar o conforto ou a estrutura. Perfeita para aqueles dias em que voc\u00ea prefere ficar em casa, mas n\u00e3o pode.<\/p>\n","protected":false},"excerpt":{"rendered":"<p>Perfeita para aqueles dias em que voc\u00ea prefere ficar em casa, mas n\u00e3o pode.<\/p>\n","protected":false},"featured_media":3678,"comment_status":"open","ping_status":"closed","template":"","meta":[],"product_cat":[57],"product_tag":[],"_links":{"self":[{"href":"https:\/\/shop.lm.mentorama.com.br\/index.php?rest_route=\/wp\/v2\/product\/3675"}],"collection":[{"href":"https:\/\/shop.lm.mentorama.com.br\/index.php?rest_route=\/wp\/v2\/product"}],"about":[{"href":"https:\/\/shop.lm.mentorama.com.br\/index.php?rest_route=\/wp\/v2\/types\/product"}],"replies":[{"embeddable":true,"href":"https:\/\/shop.lm.mentorama.com.br\/index.php?rest_route=%2Fwp%2Fv2%2Fcomments&post=3675"}],"wp:featuredmedia":[{"embeddable":true,"href":"https:\/\/shop.lm.mentorama.com.br\/index.php?rest_route=\/wp\/v2\/media\/3678"}],"wp:attachment":[{"href":"https:\/\/shop.lm.mentorama.com.br\/index.php?rest_route=%2Fwp%2Fv2%2Fmedia&parent=3675"}],"wp:term":[{"taxonomy":"product_cat","embeddable":true,"href":"https:\/\/shop.lm.mentorama.com.br\/index.php?rest_route=%2Fwp%2Fv2%2Fproduct_cat&post=3675"},{"taxonomy":"product_tag","embeddable":true,"href":"https:\/\/shop.lm.mentorama.com.br\/index.php?rest_route=%2Fwp%2Fv2%2Fproduct_tag&post=3675"}],"curies":[{"name":"wp","href":"https:\/\/api.w.org\/{rel}","templated":true}]}}