{"id":3716,"date":"2020-01-22T03:19:09","date_gmt":"2020-01-22T03:19:09","guid":{"rendered":"https:\/\/goya.everthemes.com\/demo-fashion\/?post_type=product&#038;p=3716"},"modified":"2023-05-09T05:27:40","modified_gmt":"2023-05-09T08:27:40","slug":"crossover-leather-sandal","status":"publish","type":"product","link":"https:\/\/shop.lm.mentorama.com.br\/?product=crossover-leather-sandal","title":{"rendered":"Sand\u00e1lia cruzada de couro"},"content":{"rendered":"<p>Confort\u00e1vel n\u00e3o precisa ser sin\u00f4nimo de sem gra\u00e7a \u2013 e fizemos uma sand\u00e1lia para provar isso. Feitas de couro italiano flex\u00edvel com uma palmilha contornada de suporte, estas sand\u00e1lias tornam cada roupa 100% mais descolada, de vestidos arejados a cal\u00e7as largas.<\/p>\n","protected":false},"excerpt":{"rendered":"<p>Confort\u00e1vel n\u00e3o precisa ser sin\u00f4nimo de sem gra\u00e7a \u2013 e fizemos uma sand\u00e1lia para provar isso.<\/p>\n","protected":false},"featured_media":3718,"comment_status":"open","ping_status":"closed","template":"","meta":[],"product_cat":[57],"product_tag":[],"_links":{"self":[{"href":"https:\/\/shop.lm.mentorama.com.br\/index.php?rest_route=\/wp\/v2\/product\/3716"}],"collection":[{"href":"https:\/\/shop.lm.mentorama.com.br\/index.php?rest_route=\/wp\/v2\/product"}],"about":[{"href":"https:\/\/shop.lm.mentorama.com.br\/index.php?rest_route=\/wp\/v2\/types\/product"}],"replies":[{"embeddable":true,"href":"https:\/\/shop.lm.mentorama.com.br\/index.php?rest_route=%2Fwp%2Fv2%2Fcomments&post=3716"}],"wp:featuredmedia":[{"embeddable":true,"href":"https:\/\/shop.lm.mentorama.com.br\/index.php?rest_route=\/wp\/v2\/media\/3718"}],"wp:attachment":[{"href":"https:\/\/shop.lm.mentorama.com.br\/index.php?rest_route=%2Fwp%2Fv2%2Fmedia&parent=3716"}],"wp:term":[{"taxonomy":"product_cat","embeddable":true,"href":"https:\/\/shop.lm.mentorama.com.br\/index.php?rest_route=%2Fwp%2Fv2%2Fproduct_cat&post=3716"},{"taxonomy":"product_tag","embeddable":true,"href":"https:\/\/shop.lm.mentorama.com.br\/index.php?rest_route=%2Fwp%2Fv2%2Fproduct_tag&post=3716"}],"curies":[{"name":"wp","href":"https:\/\/api.w.org\/{rel}","templated":true}]}}