{"id":3721,"date":"2020-01-22T03:36:09","date_gmt":"2020-01-22T03:36:09","guid":{"rendered":"https:\/\/goya.everthemes.com\/demo-fashion\/?post_type=product&#038;p=3721"},"modified":"2023-10-25T11:57:02","modified_gmt":"2023-10-25T14:57:02","slug":"day-glove-reknit","status":"publish","type":"product","link":"https:\/\/shop.lm.mentorama.com.br\/?product=day-glove-reknit","title":{"rendered":"Sapatilha ReKnit"},"content":{"rendered":"<p>Nosso sapato mais confort\u00e1vel ficou ainda mais confort\u00e1vel. Com cabedal em malha respir\u00e1vel e solado feito de 8 garrafas pl\u00e1sticas recicladas, a sapatilha ReKnit molda-se ao seu p\u00e9 para um ajuste perfeito e personalizado. Com recursos como aba de couro e palmilha de couro acolchoada, \u00e9 um item leve e essencial \u2013 ver\u00e3o, outono e al\u00e9m.<\/p>\n","protected":false},"excerpt":{"rendered":"<p>A sapatilha ReKnit molda-se ao seu p\u00e9 para um ajuste perfeito e personalizado.<\/p>\n","protected":false},"featured_media":3723,"comment_status":"open","ping_status":"closed","template":"","meta":[],"product_cat":[57],"product_tag":[],"_links":{"self":[{"href":"https:\/\/shop.lm.mentorama.com.br\/index.php?rest_route=\/wp\/v2\/product\/3721"}],"collection":[{"href":"https:\/\/shop.lm.mentorama.com.br\/index.php?rest_route=\/wp\/v2\/product"}],"about":[{"href":"https:\/\/shop.lm.mentorama.com.br\/index.php?rest_route=\/wp\/v2\/types\/product"}],"replies":[{"embeddable":true,"href":"https:\/\/shop.lm.mentorama.com.br\/index.php?rest_route=%2Fwp%2Fv2%2Fcomments&post=3721"}],"wp:featuredmedia":[{"embeddable":true,"href":"https:\/\/shop.lm.mentorama.com.br\/index.php?rest_route=\/wp\/v2\/media\/3723"}],"wp:attachment":[{"href":"https:\/\/shop.lm.mentorama.com.br\/index.php?rest_route=%2Fwp%2Fv2%2Fmedia&parent=3721"}],"wp:term":[{"taxonomy":"product_cat","embeddable":true,"href":"https:\/\/shop.lm.mentorama.com.br\/index.php?rest_route=%2Fwp%2Fv2%2Fproduct_cat&post=3721"},{"taxonomy":"product_tag","embeddable":true,"href":"https:\/\/shop.lm.mentorama.com.br\/index.php?rest_route=%2Fwp%2Fv2%2Fproduct_tag&post=3721"}],"curies":[{"name":"wp","href":"https:\/\/api.w.org\/{rel}","templated":true}]}}