{"id":3732,"date":"2020-01-22T03:46:00","date_gmt":"2020-01-22T03:46:00","guid":{"rendered":"https:\/\/goya.everthemes.com\/demo-fashion\/?post_type=product&#038;p=3732"},"modified":"2023-05-09T05:30:44","modified_gmt":"2023-05-09T08:30:44","slug":"tapered-square-toe-slingback","status":"publish","type":"product","link":"https:\/\/shop.lm.mentorama.com.br\/?product=tapered-square-toe-slingback","title":{"rendered":"Sapato slingback de bico quadrado"},"content":{"rendered":"<p>Conhe\u00e7a o seu novo sapato de festa. Feito \u00e0 m\u00e3o na It\u00e1lia, este sapato slingback de bico quadrado apresenta um salto circular, tiras m\u00ednimas e um moderno bico quadrado para um visual divertido e elegante. Combine-o com jeans ou vestidos e voc\u00ea, certamente, ser\u00e1 a alma da festa.<\/p>\n","protected":false},"excerpt":{"rendered":"<p>Tiras minimalistas e bico quadrado para um visual divertido e elegante.<\/p>\n","protected":false},"featured_media":3734,"comment_status":"open","ping_status":"closed","template":"","meta":[],"product_cat":[57],"product_tag":[],"_links":{"self":[{"href":"https:\/\/shop.lm.mentorama.com.br\/index.php?rest_route=\/wp\/v2\/product\/3732"}],"collection":[{"href":"https:\/\/shop.lm.mentorama.com.br\/index.php?rest_route=\/wp\/v2\/product"}],"about":[{"href":"https:\/\/shop.lm.mentorama.com.br\/index.php?rest_route=\/wp\/v2\/types\/product"}],"replies":[{"embeddable":true,"href":"https:\/\/shop.lm.mentorama.com.br\/index.php?rest_route=%2Fwp%2Fv2%2Fcomments&post=3732"}],"wp:featuredmedia":[{"embeddable":true,"href":"https:\/\/shop.lm.mentorama.com.br\/index.php?rest_route=\/wp\/v2\/media\/3734"}],"wp:attachment":[{"href":"https:\/\/shop.lm.mentorama.com.br\/index.php?rest_route=%2Fwp%2Fv2%2Fmedia&parent=3732"}],"wp:term":[{"taxonomy":"product_cat","embeddable":true,"href":"https:\/\/shop.lm.mentorama.com.br\/index.php?rest_route=%2Fwp%2Fv2%2Fproduct_cat&post=3732"},{"taxonomy":"product_tag","embeddable":true,"href":"https:\/\/shop.lm.mentorama.com.br\/index.php?rest_route=%2Fwp%2Fv2%2Fproduct_tag&post=3732"}],"curies":[{"name":"wp","href":"https:\/\/api.w.org\/{rel}","templated":true}]}}