{"id":3745,"date":"2020-01-22T03:56:20","date_gmt":"2020-01-22T03:56:20","guid":{"rendered":"https:\/\/goya.everthemes.com\/demo-fashion\/?post_type=product&#038;p=3745"},"modified":"2024-05-03T00:02:57","modified_gmt":"2024-05-03T03:02:57","slug":"minimal-square-tote","status":"publish","type":"product","link":"https:\/\/shop.lm.mentorama.com.br\/?product=minimal-square-tote","title":{"rendered":"Bolsa quadrada minimalista"},"content":{"rendered":"<p>Nova forma quadrada \u2013 a mesma agita\u00e7\u00e3o para o dia todo. Esta vers\u00e3o minimalista \u00e9 um pouco menor e menos larga, mas ainda pode carregar tudo, desde seu laptop at\u00e9 um par extra de sapatos. Feita na It\u00e1lia com couro premium, esta bolsa tem visual e toque estruturados. Simples. Funcional. Cl\u00e1ssica.<\/p>\n","protected":false},"excerpt":{"rendered":"<p>Nova forma quadrada \u2013 a mesma agita\u00e7\u00e3o para o dia todo.<\/p>\n","protected":false},"featured_media":3746,"comment_status":"open","ping_status":"closed","template":"","meta":[],"product_cat":[57],"product_tag":[],"_links":{"self":[{"href":"https:\/\/shop.lm.mentorama.com.br\/index.php?rest_route=\/wp\/v2\/product\/3745"}],"collection":[{"href":"https:\/\/shop.lm.mentorama.com.br\/index.php?rest_route=\/wp\/v2\/product"}],"about":[{"href":"https:\/\/shop.lm.mentorama.com.br\/index.php?rest_route=\/wp\/v2\/types\/product"}],"replies":[{"embeddable":true,"href":"https:\/\/shop.lm.mentorama.com.br\/index.php?rest_route=%2Fwp%2Fv2%2Fcomments&post=3745"}],"wp:featuredmedia":[{"embeddable":true,"href":"https:\/\/shop.lm.mentorama.com.br\/index.php?rest_route=\/wp\/v2\/media\/3746"}],"wp:attachment":[{"href":"https:\/\/shop.lm.mentorama.com.br\/index.php?rest_route=%2Fwp%2Fv2%2Fmedia&parent=3745"}],"wp:term":[{"taxonomy":"product_cat","embeddable":true,"href":"https:\/\/shop.lm.mentorama.com.br\/index.php?rest_route=%2Fwp%2Fv2%2Fproduct_cat&post=3745"},{"taxonomy":"product_tag","embeddable":true,"href":"https:\/\/shop.lm.mentorama.com.br\/index.php?rest_route=%2Fwp%2Fv2%2Fproduct_tag&post=3745"}],"curies":[{"name":"wp","href":"https:\/\/api.w.org\/{rel}","templated":true}]}}