{"id":3754,"date":"2020-01-22T04:11:20","date_gmt":"2020-01-22T04:11:20","guid":{"rendered":"https:\/\/goya.everthemes.com\/demo-fashion\/?post_type=product&#038;p=3754"},"modified":"2023-10-24T09:21:57","modified_gmt":"2023-10-24T12:21:57","slug":"hang-out-hoodie","status":"publish","type":"product","link":"https:\/\/shop.lm.mentorama.com.br\/?product=hang-out-hoodie","title":{"rendered":"Moletom com capuz"},"content":{"rendered":"<p>Nosso moletom favorito ficou mais aconchegante. Esta mistura de algod\u00e3o e poli\u00e9ster reciclado d\u00e1 ao moletom um interior macio e um exterior suave de j\u00e9rsei. Al\u00e9m disso, apresenta um comprimento ligeiramente cropped e detalhes de manga trapezoidal \u2013 para uma pegada elevada de um look cl\u00e1ssico.<\/p>\n","protected":false},"excerpt":{"rendered":"<p>Uma mistura de algod\u00e3o e poli\u00e9ster reciclado para um interior macio e um exterior suave de j\u00e9rsei.<\/p>\n","protected":false},"featured_media":3760,"comment_status":"open","ping_status":"closed","template":"","meta":[],"product_cat":[57],"product_tag":[],"_links":{"self":[{"href":"https:\/\/shop.lm.mentorama.com.br\/index.php?rest_route=\/wp\/v2\/product\/3754"}],"collection":[{"href":"https:\/\/shop.lm.mentorama.com.br\/index.php?rest_route=\/wp\/v2\/product"}],"about":[{"href":"https:\/\/shop.lm.mentorama.com.br\/index.php?rest_route=\/wp\/v2\/types\/product"}],"replies":[{"embeddable":true,"href":"https:\/\/shop.lm.mentorama.com.br\/index.php?rest_route=%2Fwp%2Fv2%2Fcomments&post=3754"}],"wp:featuredmedia":[{"embeddable":true,"href":"https:\/\/shop.lm.mentorama.com.br\/index.php?rest_route=\/wp\/v2\/media\/3760"}],"wp:attachment":[{"href":"https:\/\/shop.lm.mentorama.com.br\/index.php?rest_route=%2Fwp%2Fv2%2Fmedia&parent=3754"}],"wp:term":[{"taxonomy":"product_cat","embeddable":true,"href":"https:\/\/shop.lm.mentorama.com.br\/index.php?rest_route=%2Fwp%2Fv2%2Fproduct_cat&post=3754"},{"taxonomy":"product_tag","embeddable":true,"href":"https:\/\/shop.lm.mentorama.com.br\/index.php?rest_route=%2Fwp%2Fv2%2Fproduct_tag&post=3754"}],"curies":[{"name":"wp","href":"https:\/\/api.w.org\/{rel}","templated":true}]}}