{"id":3891,"date":"2020-01-23T14:06:28","date_gmt":"2020-01-23T14:06:28","guid":{"rendered":"https:\/\/goya.everthemes.com\/demo-fashion\/?post_type=product&#038;p=3891"},"modified":"2025-02-19T13:36:16","modified_gmt":"2025-02-19T16:36:16","slug":"micro-form-bag","status":"publish","type":"product","link":"https:\/\/shop.lm.mentorama.com.br\/?product=micro-form-bag","title":{"rendered":"Bolsa microforma"},"content":{"rendered":"<p>Conhe\u00e7a sua nova bolsa para todas as ocasi\u00f5es. Feita \u00e0 m\u00e3o com couro italiano premium, esta bolsa microforma apresenta um fecho de bot\u00e3o, uma al\u00e7a ajust\u00e1vel e um formato aerodin\u00e2mico e polido. Al\u00e9m disso, \u00e9 micro, mas poderosa \u2013 voc\u00ea pode guardar todos os seus itens essenciais, como telefone, chaves, carteira e batom, sem sobrecarreg\u00e1-la. As melhores coisas, de fato, v\u00eam em embalagens pequenas.<\/p>\n","protected":false},"excerpt":{"rendered":"<p>As melhores coisas, de fato, v\u00eam em embalagens pequenas.<\/p>\n","protected":false},"featured_media":3892,"comment_status":"open","ping_status":"closed","template":"","meta":[],"product_cat":[57],"product_tag":[],"_links":{"self":[{"href":"https:\/\/shop.lm.mentorama.com.br\/index.php?rest_route=\/wp\/v2\/product\/3891"}],"collection":[{"href":"https:\/\/shop.lm.mentorama.com.br\/index.php?rest_route=\/wp\/v2\/product"}],"about":[{"href":"https:\/\/shop.lm.mentorama.com.br\/index.php?rest_route=\/wp\/v2\/types\/product"}],"replies":[{"embeddable":true,"href":"https:\/\/shop.lm.mentorama.com.br\/index.php?rest_route=%2Fwp%2Fv2%2Fcomments&post=3891"}],"wp:featuredmedia":[{"embeddable":true,"href":"https:\/\/shop.lm.mentorama.com.br\/index.php?rest_route=\/wp\/v2\/media\/3892"}],"wp:attachment":[{"href":"https:\/\/shop.lm.mentorama.com.br\/index.php?rest_route=%2Fwp%2Fv2%2Fmedia&parent=3891"}],"wp:term":[{"taxonomy":"product_cat","embeddable":true,"href":"https:\/\/shop.lm.mentorama.com.br\/index.php?rest_route=%2Fwp%2Fv2%2Fproduct_cat&post=3891"},{"taxonomy":"product_tag","embeddable":true,"href":"https:\/\/shop.lm.mentorama.com.br\/index.php?rest_route=%2Fwp%2Fv2%2Fproduct_tag&post=3891"}],"curies":[{"name":"wp","href":"https:\/\/api.w.org\/{rel}","templated":true}]}}